{"id":112,"date":"2025-09-24T16:13:40","date_gmt":"2025-09-24T16:13:40","guid":{"rendered":"https:\/\/byggteknikikolmarden.se\/?page_id=112"},"modified":"2025-10-08T08:37:58","modified_gmt":"2025-10-08T08:37:58","slug":"hem","status":"publish","type":"page","link":"https:\/\/byggteknikikolmarden.se\/","title":{"rendered":"Hem"},"content":{"rendered":"\n    \n    <section class=\"u-clearfix u-image u-shading lazyload u-section-2\" id=\"sec-259c\" data-bg=\"linear-gradient(to bottom, rgba(0, 0, 0, 0.1), rgba(0, 0, 0, 0.1)), url('https:\/\/byggteknikikolmarden.se\/wp-content\/uploads\/2025\/09\/nav_213_slide_183.jpg')\">\n      <div class=\"u-clearfix u-sheet u-sheet-1\">\n        <div class=\"u-container-style u-gradient u-group u-group-1\">\n          <div class=\"u-container-layout u-container-layout-1\">\n            <h1 class=\"u-text u-text-palette-1-base u-text-1\"> Byggteknik<\/h1>\n            <h4 class=\"u-text u-text-default u-text-palette-1-base u-text-2\"> I Kolm\u00e5rden<\/h4>\n            <p class=\"u-align-center u-text u-text-3\">Ditt sj\u00e4lvklara val f\u00f6r funktionsanpassning\ni hemmet och arbetsplatsen<\/p>\n          <\/div>\n        <\/div>\n      <\/div>\n    <\/section>\n    <section class=\"u-align-center u-clearfix u-color-scheme-custom-color-scheme-1 u-container-align-center u-section-3\" id=\"sec-3f4b\">\n      <div class=\"u-clearfix u-sheet u-sheet-1\">\n        <div class=\"u-container-style u-grey-10 u-group u-opacity u-opacity-90 u-radius u-shape-round u-group-1\">\n          <div class=\"u-container-layout u-container-layout-1\">\n            <p class=\"u-align-center u-text u-text-default u-text-1\"> Med \u00f6ver 25 \u00e5rs erfarenhet av bostadsanpassningar f\u00f6r personer med funktionsvariationer \u2013 b\u00e5de inom privat och offentlig sektor \u2013 kan du k\u00e4nna dig trygg med att vi har den kunskap som kr\u00e4vs.<\/p>\n            <p class=\"u-align-center u-text u-text-default u-text-2\"> Vi finns h\u00e4r f\u00f6r att st\u00f6tta dig genom hela processen: fr\u00e5n ans\u00f6kan om bostadsanpassningsbidrag till f\u00e4rdigst\u00e4lld anpassning.  Vi hj\u00e4lper er med offerter p\u00e5 samtliga bostadsanpassnings \u00e5tg\u00e4rder.<br>V\u00e4lkommen att kontakta oss redan idag f\u00f6r r\u00e5dgivning eller ett f\u00f6rsta m\u00f6te!<br>\n            <\/p>\n            <a href=\"https:\/\/byggteknikikolmarden.se\/?page_id=114#sec-7fe8\" class=\"u-active-none u-align-center u-border-0 u-btn u-button-style u-hover-feature u-hover-palette-2-base u-text-hover-white u-palette-1-base u-btn-1\">Kontakta oss&nbsp;<span class=\"u-file-icon u-icon u-text-white u-icon-1\">\n                <img decoding=\"async\" src=\"https:\/\/byggteknikikolmarden.se\/wp-content\/uploads\/2025\/09\/77495b6b.png\" alt=\"\">\n              <\/span>\n            <\/a>\n          <\/div>\n        <\/div>\n      <\/div>\n      \n    <\/section>\n    <section class=\"u-clearfix u-section-4\" id=\"sec-1162\">\n      <div class=\"u-clearfix u-sheet u-valign-middle u-sheet-1\">\n        <div class=\"u-align-center u-clearfix u-expanded-width u-group-elements u-group-elements-1\">\n          <p class=\"u-text u-text-default u-text-1\"> V\u00e5ra Tj\u00e4nster<\/p>\n          <div class=\"custom-expanded u-border-3 u-border-palette-1-base u-line u-line-horizontal u-line-1\"><\/div>\n          <div class=\"custom-expanded u-border-3 u-border-palette-1-base u-line u-line-horizontal u-line-2\"><\/div>\n        <\/div>\n      <\/div>\n    <\/section>\n    <section class=\"u-clearfix u-section-5\" id=\"sec-53dd\">\n      <div class=\"u-clearfix u-sheet u-sheet-1\">\n        <div class=\"u-expanded-width u-gallery u-layout-grid u-no-transition u-show-text-on-hover u-gallery-1\">\n          <div class=\"u-gallery-inner u-gallery-inner-1\">\n            <div class=\"u-effect-slide-bottom u-gallery-item\">\n              <div class=\"u-back-slide\" data-image-width=\"400\" data-image-height=\"233\">\n                <img class=\"u-back-image u-expanded lazyload\" alt=\"TOTALENTREPRENAD\" data-src=\"https:\/\/byggteknikikolmarden.se\/wp-content\/uploads\/2025\/09\/11.png\">\n              <\/div>\n              <div class=\"u-container-align-center u-over-slide u-valign-middle u-over-slide-1\">\n                <h5 class=\"u-align-center u-gallery-heading u-text-palette-1-base\" style=\"margin-right: 0px; margin-left: 0px;\">TOTALENTREPRENAD<\/h5>\n                <p class=\"u-align-center u-gallery-text\" style=\"margin-right: 0px; margin-left: 0px; font-size: 0.875rem;\">Tack vare v\u00e5rt breda kontaktn\u00e4t inom alla typer av hantverk kan vi erbjuda dig att ta hand om hela ditt projekt \u2013 fr\u00e5n f\u00f6rsta spadtaget till sista spiken. Vi jobbar i s\u00e5v\u00e4l mindre projekt med delad entreprenad som st\u00f6rre totalentreprenader.<\/p>\n              <\/div>\n            <\/div>\n            <div class=\"u-effect-slide-bottom u-gallery-item\">\n              <div class=\"u-back-slide\" data-image-width=\"400\" data-image-height=\"233\">\n                <img class=\"u-back-image u-expanded lazyload\" alt=\"K\u00d6K &amp;amp; BADRUM\" data-src=\"https:\/\/byggteknikikolmarden.se\/wp-content\/uploads\/2025\/09\/21.png\">\n              <\/div>\n              <div class=\"u-container-align-center u-over-slide u-valign-middle u-over-slide-2\">\n                <h5 class=\"u-align-center u-gallery-heading u-text-palette-1-base\" style=\"margin-right: 0px; margin-left: 0px;\">K\u00d6K &amp; BADRUM<\/h5>\n                <p class=\"u-align-center u-gallery-text\" style=\"margin-right: 0px; margin-left: 0px; font-size: 0.875rem;\">BYGGTEKNIK hj\u00e4lper dig snabbt och s\u00e4kert att komma ig\u00e5ng med renovering av badrum och\/eller k\u00f6k. Inom v\u00e5rt n\u00e4tverk har vi samtliga beh\u00f6righeter och kompetenser som kr\u00e4vs f\u00f6r k\u00f6k- och badrumsrenovering.<\/p>\n              <\/div>\n            <\/div>\n            <div class=\"u-effect-slide-bottom u-gallery-item\">\n              <div class=\"u-back-slide\" data-image-width=\"400\" data-image-height=\"233\">\n                <img class=\"u-back-image u-expanded lazyload\" alt=\"TAK\" data-src=\"https:\/\/byggteknikikolmarden.se\/wp-content\/uploads\/2025\/09\/31.png\">\n              <\/div>\n              <div class=\"u-container-align-center u-over-slide u-valign-middle u-over-slide-3\">\n                <h5 class=\"u-align-center u-gallery-heading u-text-palette-1-base\" style=\"margin-right: 0px; margin-left: 0px;\">TAK<\/h5>\n                <p class=\"u-align-center u-gallery-text\" style=\"margin-right: 0px; margin-left: 0px; font-size: 0.875rem;\">V\u00e4nta inte f\u00f6r l\u00e4nge med att se om ditt tak. Vi utf\u00f6r reparationer &amp; oml\u00e4ggningar av alla taktyper. Inget takbyte eller takarbete \u00e4r fr\u00e4mmande f\u00f6r oss. Vi ger dig som kund den trygghet du vill ha f\u00f6r att veta att jobbet blir r\u00e4tt utf\u00f6rt.<\/p>\n              <\/div>\n            <\/div>\n            <div class=\"u-effect-slide-bottom u-gallery-item\">\n              <div class=\"u-back-slide\" data-image-width=\"400\" data-image-height=\"233\">\n                <img class=\"u-back-image u-expanded lazyload\" alt=\"BYGGSERVICE\" data-src=\"https:\/\/byggteknikikolmarden.se\/wp-content\/uploads\/2025\/09\/4-14.png\">\n              <\/div>\n              <div class=\"u-container-align-center u-over-slide u-valign-middle u-over-slide-4\">\n                <h5 class=\"u-align-center u-gallery-heading u-text-palette-1-base\" style=\"margin-right: 0px; margin-left: 0px;\">BYGGSERVICE<\/h5>\n                <p class=\"u-align-center u-gallery-text\" style=\"margin-right: 0px; margin-left: 0px; font-size: 0.875rem;\">Vi \u00e5tar oss med f\u00f6rdel avancerade ROT-arbeten med kompletta installationer f\u00f6r f\u00f6retag, organisationer och institutioner. Vi utf\u00f6r sedan m\u00e5nga \u00e5r bostadsanpassning f\u00f6r handikappade. Vi \u00e5tar oss \u00e4ven nybyggnationsprojekt.<\/p>\n              <\/div>\n            <\/div>\n            <div class=\"u-effect-slide-bottom u-gallery-item\">\n              <div class=\"u-back-slide\" data-image-width=\"400\" data-image-height=\"233\">\n                <img class=\"u-back-image u-expanded lazyload\" alt=\"F\u00d6NSTER\" data-src=\"https:\/\/byggteknikikolmarden.se\/wp-content\/uploads\/2025\/09\/5-15.png\">\n              <\/div>\n              <div class=\"u-container-align-center u-over-slide u-valign-middle u-over-slide-5\">\n                <h5 class=\"u-align-center u-gallery-heading u-text-palette-1-base\" style=\"margin-right: 0px; margin-left: 0px;\">F\u00d6NSTER<\/h5>\n                <p class=\"u-align-center u-gallery-text\" style=\"margin-right: 0px; margin-left: 0px; font-size: 0.875rem;\">G\u00e5r du i f\u00f6nsterbytartankar? K\u00e4nn dig helt trygg n\u00e4r du v\u00e4nder dig till oss. Vi tar n\u00e4mligen ansvar f\u00f6r hela ditt f\u00f6nsterbyte \u2013 fr\u00e5n m\u00e5tt-tagning och r\u00e5dgivning till montage och efterkontroll. Nya f\u00f6nster \u00e4r en god investering.<br>\n                  <br>\n                <\/p>\n              <\/div>\n            <\/div>\n            <div class=\"u-effect-slide-bottom u-gallery-item\">\n              <div class=\"u-back-slide\" data-image-width=\"400\" data-image-height=\"233\">\n                <img class=\"u-back-image u-expanded lazyload\" alt=\"MARK &amp;amp; ANL\u00c4GGNING\" data-src=\"https:\/\/byggteknikikolmarden.se\/wp-content\/uploads\/2025\/09\/6-14.png\">\n              <\/div>\n              <div class=\"u-container-align-center u-over-slide u-valign-middle u-over-slide-6\">\n                <h5 class=\"u-align-center u-gallery-heading u-text-palette-1-base\" style=\"margin-right: 0px; margin-left: 0px;\">MARK &amp; ANL\u00c4GGNING<\/h5>\n                <p class=\"u-align-center u-gallery-text\" style=\"margin-right: 0px; margin-left: 0px; font-size: 0.875rem;\">En stabil grund \u00e4r a och o. Med hj\u00e4lp av oss f\u00e5r du schaktning, r\u00f6rl\u00e4ggning, grundarbete och betonggjutning utf\u00f6rd professionellt och noggrant. Vi \u00e5tar oss \u00e4ven dr\u00e4neringsarbeten och andra typer av markarbeten.<\/p>\n              <\/div>\n            <\/div>\n          <\/div>\n        <\/div>\n      <\/div>\n    <\/section>\n    <section class=\"u-clearfix u-section-6\" id=\"sec-7894\">\n      <div class=\"u-clearfix u-sheet u-sheet-1\">\n        <div class=\"u-align-center u-clearfix u-expanded-width u-group-elements u-valign-top-md u-valign-top-sm u-valign-top-xs u-group-elements-1\">\n          <p class=\"u-text u-text-default u-text-1\"> PRODUKTER<\/p>\n          <div class=\"custom-expanded u-border-3 u-border-palette-1-base u-line u-line-horizontal u-line-1\"><\/div>\n          <div class=\"custom-expanded u-border-3 u-border-palette-1-base u-line u-line-horizontal u-line-2\"><\/div>\n        <\/div>\n      <\/div>\n    <\/section>\n    <section class=\"u-clearfix u-section-7\" id=\"sec-84d5\">\n      <div class=\"u-clearfix u-sheet u-valign-middle u-sheet-1\">\n        <div class=\"u-expanded-width u-gallery u-layout-grid u-lightbox u-no-transition u-show-text-on-hover u-gallery-1\">\n          <div class=\"u-gallery-inner u-gallery-inner-1\">\n            <div class=\"u-effect-over-bottom u-gallery-item\">\n              <div class=\"u-back-slide\" data-image-width=\"1920\" data-image-height=\"700\">\n                <img class=\"u-back-image u-expanded lazyload\" alt=\"K\u00f6k\" data-src=\"https:\/\/byggteknikikolmarden.se\/wp-content\/uploads\/2025\/09\/nav_213_slide_187.jpg\">\n              <\/div>\n              <div class=\"u-container-align-center u-over-slide u-shading u-valign-middle u-over-slide-1\">\n                <h3 class=\"u-align-center u-gallery-heading u-text-palette-1-base\" style=\"margin-right: 0px; margin-left: 0px;\">K\u00f6k<\/h3>\n              <\/div>\n            <\/div>\n            <div class=\"u-effect-over-bottom u-gallery-item\">\n              <div class=\"u-back-slide\" data-image-width=\"1920\" data-image-height=\"700\">\n                <img class=\"u-back-image u-expanded lazyload\" alt=\"Badrum\" data-src=\"https:\/\/byggteknikikolmarden.se\/wp-content\/uploads\/2025\/09\/nav_215_68_big.jpg\">\n              <\/div>\n              <div class=\"u-container-align-center u-over-slide u-shading u-valign-middle u-over-slide-2\">\n                <h3 class=\"u-align-center u-gallery-heading u-text-palette-1-base\" style=\"margin-right: 0px; margin-left: 0px;\">Badrum<\/h3>\n                <p class=\"u-align-center u-gallery-text\" style=\"margin-right: 0px; margin-left: 0px;\">&amp; duschutrymmen<\/p>\n              <\/div>\n            <\/div>\n            <div class=\"u-effect-over-bottom u-gallery-item\">\n              <div class=\"u-back-slide\" data-image-width=\"1900\" data-image-height=\"700\">\n                <img class=\"u-back-image u-expanded lazyload\" alt=\"Ramper\" data-src=\"https:\/\/byggteknikikolmarden.se\/wp-content\/uploads\/2025\/09\/befunky-design.jpg\">\n              <\/div>\n              <div class=\"u-container-align-center u-over-slide u-shading u-valign-middle u-over-slide-3\">\n                <h3 class=\"u-align-center u-gallery-heading u-text-palette-1-base\" style=\"margin-right: auto; margin-left: auto;\">Ramper<\/h3>\n              <\/div>\n            <\/div>\n          <\/div>\n        <\/div>\n      <\/div>\n    <\/section>\n    \n    \n    \n    \n  \n","protected":false},"excerpt":{"rendered":"<p>Byggteknik I Kolm\u00e5rden Ditt sj\u00e4lvklara val f\u00f6r funktionsanpassning i hemmet och arbetsplatsen Med \u00f6ver 25 \u00e5rs erfarenhet av bostadsanpassningar f\u00f6r personer med funktionsvariationer \u2013 b\u00e5de inom privat och offentlig sektor \u2013 kan du k\u00e4nna dig trygg med att vi har den kunskap som kr\u00e4vs. Vi finns h\u00e4r f\u00f6r att st\u00f6tta dig genom hela processen: fr\u00e5n &hellip; <a href=\"https:\/\/byggteknikikolmarden.se\/\" class=\"more-link\">Continue reading<span class=\"screen-reader-text\"> &#8221;Hem&#8221;<\/span><\/a><\/p>\n","protected":false},"author":1,"featured_media":0,"parent":0,"menu_order":1,"comment_status":"closed","ping_status":"closed","template":"","meta":{"footnotes":""},"class_list":["post-112","page","type-page","status-publish","hentry"],"_links":{"self":[{"href":"https:\/\/byggteknikikolmarden.se\/index.php?rest_route=\/wp\/v2\/pages\/112","targetHints":{"allow":["GET"]}}],"collection":[{"href":"https:\/\/byggteknikikolmarden.se\/index.php?rest_route=\/wp\/v2\/pages"}],"about":[{"href":"https:\/\/byggteknikikolmarden.se\/index.php?rest_route=\/wp\/v2\/types\/page"}],"author":[{"embeddable":true,"href":"https:\/\/byggteknikikolmarden.se\/index.php?rest_route=\/wp\/v2\/users\/1"}],"replies":[{"embeddable":true,"href":"https:\/\/byggteknikikolmarden.se\/index.php?rest_route=%2Fwp%2Fv2%2Fcomments&post=112"}],"version-history":[{"count":1,"href":"https:\/\/byggteknikikolmarden.se\/index.php?rest_route=\/wp\/v2\/pages\/112\/revisions"}],"predecessor-version":[{"id":124,"href":"https:\/\/byggteknikikolmarden.se\/index.php?rest_route=\/wp\/v2\/pages\/112\/revisions\/124"}],"wp:attachment":[{"href":"https:\/\/byggteknikikolmarden.se\/index.php?rest_route=%2Fwp%2Fv2%2Fmedia&parent=112"}],"curies":[{"name":"wp","href":"https:\/\/api.w.org\/{rel}","templated":true}]}}