{"id":114,"date":"2025-09-24T16:13:42","date_gmt":"2025-09-24T16:13:42","guid":{"rendered":"https:\/\/byggteknikikolmarden.se\/?page_id=114"},"modified":"2025-10-08T06:50:53","modified_gmt":"2025-10-08T06:50:53","slug":"kontakt","status":"publish","type":"page","link":"https:\/\/byggteknikikolmarden.se\/?page_id=114","title":{"rendered":"Kontakt"},"content":{"rendered":"\n    \n    <section class=\"u-clearfix u-image lazyload u-section-2\" id=\"sec-e1fe\" data-bg=\"url(&quot;https:\/\/byggteknikikolmarden.se\/wp-content\/uploads\/2025\/09\/kat_230_sw.jpg&quot;)\">\n      <div class=\"u-clearfix u-sheet u-valign-middle u-sheet-1\">\n        <div class=\"u-container-style u-gradient u-group u-group-1\">\n          <div class=\"u-container-layout u-container-layout-1\">\n            <h1 class=\"u-align-center u-text u-text-palette-1-base u-text-1\">Kontakta Oss<\/h1>\n            <p class=\"u-align-center u-text u-text-2\"> Om du har fr\u00e5gor f\u00e5r du g\u00e4rna kontakta oss via formul\u00e4ret. Du f\u00e5r snabba svar.<\/p>\n          <\/div>\n        <\/div>\n      <\/div>\n    <\/section>\n    <section class=\"u-clearfix u-section-3\" id=\"sec-7fe8\">\n      <div class=\"u-clearfix u-sheet u-sheet-1\">\n        <div class=\"custom-expanded data-layout-selected u-clearfix u-layout-wrap u-layout-wrap-1\">\n          <div class=\"u-layout\">\n            <div class=\"u-layout-row\">\n              <div class=\"u-container-style u-image u-layout-cell u-shape-rectangle u-size-60 lazyload u-image-1\" data-image-width=\"1345\" data-image-height=\"848\" data-bg=\"url(&quot;https:\/\/byggteknikikolmarden.se\/wp-content\/uploads\/2025\/09\/1331_d01b21ca.jpg&quot;)\">\n                <div class=\"u-container-layout u-valign-middle-md u-valign-middle-sm u-valign-middle-xs u-valign-top-lg u-valign-top-xl u-container-layout-1\">\n                  <div class=\"custom-expanded u-form u-grey-10 u-radius u-form-1\">\n                            <script>\n            function onSuccess(event) {\n                if (typeof window.serviceRequest !== 'undefined') {\n                    window.serviceRequest(jQuery(this).find('form'));\n                }\n                var msgContainer = jQuery(event.currentTarget).find('.wpcf7-response-output');\n                msgContainer.removeClass('u-form-send-error').addClass('u-form-send-message u-form-send-success');\n                msgContainer.show();\n                var redirectAddress = jQuery(event.currentTarget).find('[redirect-address]').attr('redirect-address');\n                if (redirectAddress) {\n                    setTimeout(function () {\n                        location.replace(redirectAddress);\n                    }, 2000);\n                }\n            }\n            function onError(event) {\n                var msgContainer = jQuery(event.currentTarget).find('.wpcf7-response-output');\n                msgContainer.removeClass('u-form-send-success').addClass('u-form-send-message u-form-send-error');\n                msgContainer.show();\n            }\n\n            jQuery('body')\n                .on('wpcf7mailsent',   '.u-form .wpcf7', onSuccess)\n                .on('wpcf7invalid',    '.u-form .wpcf7', onError)\n                .on('wpcf7:unaccepted', '.u-form .wpcf7', onError)\n                .on('wpcf7spam',       '.u-form .wpcf7', onError)\n                .on('wpcf7:aborted',    '.u-form .wpcf7', onError)\n                .on('wpcf7mailfailed', '.u-form .wpcf7', onError);\n        <\/script>\n        <style>\n            .u-form .wpcf7-response-output {\n                \/*position: relative !important;*\/\n                margin: 0 !important;\n                bottom: -70px!important;\n            }\n            .u-form .wpcf7 .ajax-loader {\n                margin-left: -24px;\n                margin-right: 0;\n            }\n        <\/style>\n\n<div class=\"wpcf7 no-js\" id=\"wpcf7-f155-o1\" lang=\"sv-SE\" dir=\"ltr\" data-wpcf7-id=\"155\">\n<div class=\"screen-reader-response\"><p role=\"status\" aria-live=\"polite\" aria-atomic=\"true\"><\/p> <ul><\/ul><\/div>\n<form style=\"padding: 10px;\" action=\"\/index.php?rest_route=%2Fwp%2Fv2%2Fpages%2F114#wpcf7-f155-o1\" method=\"post\" class=\"wpcf7-form init u-clearfix u-form-spacing-10 u-form-vertical u-inner-form u-form-custom-backend\" aria-label=\"Kontaktformul\u00e4r\" novalidate=\"novalidate\" data-status=\"init\">\n<fieldset class=\"hidden-fields-container\"><input type=\"hidden\" name=\"_wpcf7\" value=\"155\" \/><input type=\"hidden\" name=\"_wpcf7_version\" value=\"6.1.1\" \/><input type=\"hidden\" name=\"_wpcf7_locale\" value=\"sv_SE\" \/><input type=\"hidden\" name=\"_wpcf7_unit_tag\" value=\"wpcf7-f155-o1\" \/><input type=\"hidden\" name=\"_wpcf7_container_post\" value=\"0\" \/><input type=\"hidden\" name=\"_wpcf7_posted_data_hash\" value=\"\" \/><input type=\"hidden\" name=\"_wpcf7_recaptcha_response\" value=\"\" \/>\n<\/fieldset>\n\n                      <div class=\"u-form-group wpcf7-form-control-wrap u-form-name\">\n                        <label class=\"u-label\">Namn<\/label>\n                        <input type=\"text\" placeholder=\"Skriv in ditt namn\" id=\"name-454e\" name=\"name1\" class=\"u-input wpcf7-form-control u-input-rectangle\" required=\"\">\n                      <\/div>\n                      <div class=\"u-form-email u-form-group wpcf7-form-control-wrap\">\n                        <label class=\"u-label\">Epost<\/label>\n                        <input type=\"email\" placeholder=\"Skriv in en giltig epost\" id=\"email-454e\" name=\"email\" class=\"u-input wpcf7-form-control u-input-rectangle\" required=\"\">\n                      <\/div>\n                      <div class=\"u-form-group wpcf7-form-control-wrap u-form-phone u-form-group wpcf7-form-control-wrap-3\">\n                        <label class=\"u-label\">Telefon<\/label>\n                        <input type=\"tel\" placeholder=\"070-123 45 67\" id=\"phone-c3e0\" name=\"phone\" class=\"u-input wpcf7-form-control u-input-rectangle\" required=\"\" data-country-code=\"se\">\n                      <\/div>\n                      <div class=\"u-form-group wpcf7-form-control-wrap u-form-message\">\n                        <label class=\"u-label\">Meddelande<\/label>\n                        <textarea placeholder=\"Skriv ditt meddelande h\u00e4r\" id=\"message-454e\" name=\"message\" class=\"u-input wpcf7-form-control u-input-rectangle\" required=\"\"><\/textarea>\n                      <\/div>\n                      <div class=\"u-align-left u-form-group wpcf7-form-control-wrap u-form-submit wpcf7-form-control\">\n                        <a href=\"#\" class=\"u-active-palette-2-base u-border-none u-btn u-btn-round u-btn-submit wpcf7-submit u-button-style u-hover-palette-2-base u-palette-1-base u-radius u-btn-1\">Skicka<\/a>\n                        <input type=\"submit\" value=\"submit\" class=\"u-form-control-hidden\">\n                      <\/div>\n                      <div class=\"u-form-send-message u-form-send-success\"> Thank you! Your message has been sent. <\/div>\n                      <div class=\"u-form-send-error u-form-send-message\"> Unable to send your message. Please fix errors then try again. <\/div>\n                      <input type=\"hidden\" value=\"\" name=\"recaptchaResponse\">\n                    <input type=\"hidden\" name=\"_contact7_backend\" value=\"1\"><div class=\"wpcf7-response-output\" aria-hidden=\"true\"><\/div>\n<\/form>\n<\/div>\n\n                  <\/div>\n                <\/div>\n              <\/div>\n            <\/div>\n          <\/div>\n        <\/div>\n      <\/div>\n    <\/section>\n    \n    \n    \n    \n  \n","protected":false},"excerpt":{"rendered":"<p>Kontakta Oss Om du har fr\u00e5gor f\u00e5r du g\u00e4rna kontakta oss via formul\u00e4ret. Du f\u00e5r snabba svar. Namn Epost Telefon Meddelande Skicka Thank you! Your message has been sent. Unable to send your message. Please fix errors then try again.<\/p>\n","protected":false},"author":1,"featured_media":0,"parent":0,"menu_order":3,"comment_status":"closed","ping_status":"closed","template":"","meta":{"footnotes":""},"class_list":["post-114","page","type-page","status-publish","hentry"],"_links":{"self":[{"href":"https:\/\/byggteknikikolmarden.se\/index.php?rest_route=\/wp\/v2\/pages\/114","targetHints":{"allow":["GET"]}}],"collection":[{"href":"https:\/\/byggteknikikolmarden.se\/index.php?rest_route=\/wp\/v2\/pages"}],"about":[{"href":"https:\/\/byggteknikikolmarden.se\/index.php?rest_route=\/wp\/v2\/types\/page"}],"author":[{"embeddable":true,"href":"https:\/\/byggteknikikolmarden.se\/index.php?rest_route=\/wp\/v2\/users\/1"}],"replies":[{"embeddable":true,"href":"https:\/\/byggteknikikolmarden.se\/index.php?rest_route=%2Fwp%2Fv2%2Fcomments&post=114"}],"version-history":[{"count":1,"href":"https:\/\/byggteknikikolmarden.se\/index.php?rest_route=\/wp\/v2\/pages\/114\/revisions"}],"predecessor-version":[{"id":126,"href":"https:\/\/byggteknikikolmarden.se\/index.php?rest_route=\/wp\/v2\/pages\/114\/revisions\/126"}],"wp:attachment":[{"href":"https:\/\/byggteknikikolmarden.se\/index.php?rest_route=%2Fwp%2Fv2%2Fmedia&parent=114"}],"curies":[{"name":"wp","href":"https:\/\/api.w.org\/{rel}","templated":true}]}}