{"id":115,"date":"2025-09-24T16:13:43","date_gmt":"2025-09-24T16:13:43","guid":{"rendered":"https:\/\/byggteknikikolmarden.se\/?page_id=115"},"modified":"2025-10-08T06:52:17","modified_gmt":"2025-10-08T06:52:17","slug":"ombyggteknik","status":"publish","type":"page","link":"https:\/\/byggteknikikolmarden.se\/?page_id=115","title":{"rendered":"Ombyggteknik"},"content":{"rendered":"\n    \n    <section class=\"u-clearfix u-container-align-center u-image lazyload u-section-2\" id=\"sec-018c\" data-bg=\"url(&quot;https:\/\/byggteknikikolmarden.se\/wp-content\/uploads\/2025\/09\/kat_365_sw.jpg&quot;)\">\n      <div class=\"u-clearfix u-sheet u-valign-middle u-sheet-1\">\n        <div class=\"u-container-align-center u-container-style u-gradient u-group u-group-1\">\n          <div class=\"u-container-layout u-valign-middle u-container-layout-1\">\n            <h1 class=\"u-align-center u-text u-text-palette-1-base u-text-1\">Om Oss<\/h1>\n          <\/div>\n        <\/div>\n      <\/div>\n    <\/section>\n    <section class=\"u-clearfix u-section-3\" id=\"sec-ab81\">\n      <div class=\"u-clearfix u-sheet u-valign-bottom u-sheet-1\">\n        <div class=\"data-layout-selected u-clearfix u-expanded-width u-layout-wrap u-layout-wrap-1\">\n          <div class=\"u-layout\">\n            <div class=\"u-layout-col\">\n              <div class=\"u-size-30\">\n                <div class=\"u-layout-row\">\n                  <div class=\"u-container-align-center u-container-style u-image u-layout-cell u-size-30 lazyload u-image-1\" data-image-width=\"887\" data-image-height=\"1131\" data-bg=\"url(&quot;https:\/\/byggteknikikolmarden.se\/wp-content\/uploads\/2025\/09\/measures-798_2022-04-15-10-03-18.jpg&quot;)\">\n                    <div class=\"u-container-layout u-container-layout-1\"><\/div>\n                  <\/div>\n                  <div class=\"u-container-style u-layout-cell u-size-30 u-layout-cell-2\">\n                    <div class=\"u-container-layout u-valign-top u-container-layout-2\">\n                      <div class=\"fr-view u-clearfix u-rich-text u-text u-text-1\">\n                        <p id=\"isPasted\">\n                          <span style=\"font-size: 1.875rem;\">&nbsp;<span class=\"u-text-palette-1-base\">VARF\u00d6R V\u00c4LJA OSS?<\/span>&nbsp;\n                          <\/span>\n                        <\/p>\n                        <p id=\"isPasted\">Med mer \u00e4n 25 \u00e5rs erfarenhet inom bostadsanpassning har vi den kunskap och det engagemang som kr\u00e4vs f\u00f6r att skapa l\u00f6sningar som verkligen fungerar i vardagen.<\/p>\n                        <p>Vi arbetar i Norrk\u00f6pings, Finsp\u00e5ngs och S\u00f6derk\u00f6pings kommuner \u2013 men kan \u00e4ven hj\u00e4lpa kunder i \u00f6vriga \u00d6sterg\u00f6tland.<\/p>\n                        <p>N\u00e4r du v\u00e4ljer oss f\u00e5r du st\u00f6d genom hela processen:<\/p>\n                        <ul class=\"skrollable\">\n                          <li class=\"skrollable\">\n                            <p>R\u00e5dgivning och offert f\u00f6r bostadsanpassningsbidrag<\/p>\n                          <\/li>\n                          <li class=\"skrollable\">\n                            <p>Planering och projektering av \u00e5tg\u00e4rder<\/p>\n                          <\/li>\n                          <li class=\"skrollable\">\n                            <p>Genomf\u00f6rande och slutf\u00f6rande av anpassningen<\/p>\n                          <\/li>\n                        <\/ul>\n                        <p>Tack vare v\u00e5rt breda n\u00e4tverk av underentrepren\u00f6rer och v\u00e5ra effektiva ink\u00f6pskanaler kan vi erbjuda b\u00e5de kvalitet och kostnadseffektiva l\u00f6sningar.<\/p>\n                        <p>Vi ser fram emot att h\u00f6ra fr\u00e5n dig och prata mer om hur vi kan hj\u00e4lpa dig att g\u00f6ra ditt hem mer tillg\u00e4ngligt och funktionellt.<\/p>\n                      <\/div>\n                    <\/div>\n                  <\/div>\n                <\/div>\n              <\/div>\n              <div class=\"u-size-30\">\n                <div class=\"u-layout-row\">\n                  <div class=\"u-container-style u-layout-cell u-size-30 u-layout-cell-3\">\n                    <div class=\"u-container-layout u-container-layout-3\">\n                      <div class=\"fr-view u-clearfix u-rich-text u-text u-text-2\">\n                        <p id=\"isPasted\">\n                          <span style=\"font-size: 1.875rem;\">\n                            <span class=\"u-text-palette-1-base\">VAD VI KAN<\/span>\n                          <\/span>\n                        <\/p>\n                        <p id=\"isPasted\">Vi erbjuder ett brett utbud av bostadsanpassningar som g\u00f6r vardagen enklare, tryggare och mer tillg\u00e4nglig.<\/p>\n                        <p>Exempel p\u00e5 \u00e5tg\u00e4rder vi utf\u00f6r:<\/p>\n                        <ul class=\"skrollable\">\n                          <li class=\"skrollable\">\n                            <p>Tr\u00f6skelborttagning och utj\u00e4mning av tr\u00f6sklar \u2013 f\u00f6r smidigare tillg\u00e4nglighet i hemmet<\/p>\n                          <\/li>\n                          <li class=\"skrollable\">\n                            <p>Montering av st\u00f6dhandtag \u2013 f\u00f6r \u00f6kad trygghet i badrum, vid WC och andra utsatta platser<\/p>\n                          <\/li>\n                          <li class=\"skrollable\">\n                            <p>Rullstolsramper \u2013 b\u00e5de i aluminium och st\u00e5l, f\u00f6r entr\u00e9er, balkonger och altaner<\/p>\n                          <\/li>\n                          <li class=\"skrollable\">\n                            <p>K\u00f6ksanpassningar \u2013 h\u00f6j- och s\u00e4nkbar k\u00f6ksinredning samt specialanpassade sk\u00e5p<\/p>\n                          <\/li>\n                          <li class=\"skrollable\">\n                            <p>Badrumsanpassningar \u2013 funktionsduschkabiner, spol- och torksitsar f\u00f6r WC, ramper och kilar<\/p>\n                          <\/li>\n                          <li class=\"skrollable\">\n                            <p>Om- och tillbyggnader \u2013 anpassningar av bostadens planl\u00f6sning efter behov<\/p>\n                          <\/li>\n                          <li class=\"skrollable\">\n                            <p>Installation av trapphissar och plattformshissar \u2013 i samarbete med v\u00e5ra leverant\u00f6rer<\/p>\n                          <\/li>\n                          <li class=\"skrollable\">\n                            <p>Markarbeten och sn\u00f6r\u00f6jning \u2013 f\u00f6r s\u00e4kra och tillg\u00e4ngliga utomhusmilj\u00f6er<\/p>\n                          <\/li>\n                          <li class=\"skrollable\">\n                            <p>Specialsnickerier \u2013 skr\u00e4ddarsydda l\u00f6sningar efter dina behov<\/p>\n                          <\/li>\n                        <\/ul>\n                      <\/div>\n                    <\/div>\n                  <\/div>\n                  <div class=\"u-container-align-center u-container-style u-image u-layout-cell u-size-30 lazyload u-image-2\" data-image-width=\"1000\" data-image-height=\"1000\" data-bg=\"url(&quot;https:\/\/byggteknikikolmarden.se\/wp-content\/uploads\/2025\/09\/SSG.jpg&quot;)\">\n                    <div class=\"u-container-layout u-container-layout-4\"><\/div>\n                  <\/div>\n                <\/div>\n              <\/div>\n            <\/div>\n          <\/div>\n        <\/div>\n      <\/div>\n    <\/section>\n    <section class=\"u-clearfix u-section-4\" id=\"sec-9e3f\">\n      <div class=\"u-clearfix u-sheet u-valign-middle u-sheet-1\">\n        <div class=\"u-align-center u-clearfix u-expanded-width u-group-elements u-group-elements-1\">\n          <p class=\"u-align-center-lg u-align-center-md u-align-center-sm u-align-center-xs u-text u-text-default u-text-1\"> V\u00e5ra Partners<\/p>\n          <div class=\"custom-expanded u-border-3 u-border-palette-1-base u-line u-line-horizontal u-line-1\"><\/div>\n          <div class=\"custom-expanded u-border-3 u-border-palette-1-base u-line u-line-horizontal u-line-2\"><\/div>\n        <\/div>\n      <\/div>\n    <\/section>\n    <section class=\"u-align-center u-clearfix u-container-align-center u-section-5\" id=\"sec-bbd5\">\n      <div class=\"u-clearfix u-sheet u-sheet-1\">\n        <div class=\"data-layout-selected u-clearfix u-expanded-width u-layout-wrap u-layout-wrap-1\">\n          <div class=\"u-gutter-0 u-layout\">\n            <div class=\"u-layout-col\">\n              <div class=\"u-size-15\">\n                <div class=\"u-layout-row\">\n                  <div class=\"u-container-align-center u-container-style u-layout-cell u-shape-rectangle u-size-20 u-layout-cell-1\">\n                    <div class=\"u-container-layout u-container-layout-1\">\n                      <img class=\"u-image u-image-contain u-image-default u-preserve-proportions lazyload u-image-1\" alt=\"\" data-image-width=\"230\" data-image-height=\"90\" data-href=\"https:\/\/www.nordstroms.se\/vara-anlaggningar\/ekstroms-tra-norrkoping\/\" data-target=\"_blank\" data-src=\"https:\/\/byggteknikikolmarden.se\/wp-content\/uploads\/2025\/09\/EKSTRMSTR.png\">\n                    <\/div>\n                  <\/div>\n                  <div class=\"u-container-align-center u-container-style u-layout-cell u-shape-rectangle u-size-20 u-layout-cell-2\">\n                    <div class=\"u-container-layout u-valign-middle u-container-layout-2\">\n                      <img class=\"u-image u-image-contain u-image-default u-preserve-proportions lazyload u-image-2\" alt=\"\" data-image-width=\"217\" data-image-height=\"79\" data-href=\"https:\/\/www.feal.se\/\" data-target=\"_blank\" data-src=\"https:\/\/byggteknikikolmarden.se\/wp-content\/uploads\/2025\/09\/FEALAB.png\">\n                    <\/div>\n                  <\/div>\n                  <div class=\"u-container-align-center u-container-style u-layout-cell u-shape-rectangle u-size-20 u-layout-cell-3\">\n                    <div class=\"u-container-layout u-valign-middle u-container-layout-3\">\n                      <img class=\"u-image u-image-default u-preserve-proportions lazyload u-image-3\" alt=\"\" data-image-width=\"180\" data-image-height=\"64\" data-href=\"https:\/\/www.granberg.se\/\" data-target=\"_blank\" data-src=\"https:\/\/byggteknikikolmarden.se\/wp-content\/uploads\/2025\/09\/GRANBERGINTERIORAB.webp\">\n                    <\/div>\n                  <\/div>\n                <\/div>\n              <\/div>\n              <div class=\"u-size-15\">\n                <div class=\"u-layout-row\">\n                  <div class=\"u-container-align-center u-container-style u-layout-cell u-shape-rectangle u-size-20 u-layout-cell-4\">\n                    <div class=\"u-container-layout u-valign-middle u-container-layout-4\">\n                      <img class=\"u-image u-image-default lazyload u-image-4\" alt=\"\" data-image-width=\"626\" data-image-height=\"205\" data-href=\"https:\/\/www.kolmardenssnickeri.se\/\" data-target=\"_blank\" data-src=\"https:\/\/byggteknikikolmarden.se\/wp-content\/uploads\/2025\/09\/KOLMRDENSSNICKERIAB.png\">\n                    <\/div>\n                  <\/div>\n                  <div class=\"u-container-align-center u-container-style u-layout-cell u-shape-rectangle u-size-20 u-layout-cell-5\">\n                    <div class=\"u-container-layout u-valign-middle u-container-layout-5\">\n                      <img class=\"u-image u-image-contain u-image-default u-preserve-proportions lazyload u-image-5\" alt=\"\" data-image-width=\"360\" data-image-height=\"360\" data-href=\"https:\/\/kungstradgardenshtg.se\/\" data-target=\"_blank\" data-src=\"https:\/\/byggteknikikolmarden.se\/wp-content\/uploads\/2025\/09\/Kungstrdgrdenshtg.jpg\">\n                    <\/div>\n                  <\/div>\n                  <div class=\"u-container-align-center u-container-style u-layout-cell u-shape-rectangle u-size-20 u-layout-cell-6\">\n                    <div class=\"u-container-layout u-valign-middle u-container-layout-6\">\n                      <img class=\"u-image u-image-contain u-image-default lazyload u-image-6\" alt=\"\" data-image-width=\"1000\" data-image-height=\"450\" data-href=\"https:\/\/mvselservice.se\/\" data-target=\"_blank\" data-src=\"https:\/\/byggteknikikolmarden.se\/wp-content\/uploads\/2025\/09\/MVSELSERVICE.png\">\n                    <\/div>\n                  <\/div>\n                <\/div>\n              <\/div>\n              <div class=\"u-size-15\">\n                <div class=\"u-layout-row\">\n                  <div class=\"u-container-align-center u-container-style u-layout-cell u-shape-rectangle u-size-30 u-layout-cell-7\">\n                    <div class=\"u-container-layout u-valign-middle u-container-layout-7\">\n                      <img class=\"u-image u-image-contain u-image-default lazyload u-image-7\" alt=\"\" data-image-width=\"311\" data-image-height=\"81\" data-href=\"https:\/\/sandvikensbyggmaskiner.se\/\" data-target=\"_blank\" data-src=\"https:\/\/byggteknikikolmarden.se\/wp-content\/uploads\/2025\/09\/sandvikensbyggmaskiner.png\">\n                    <\/div>\n                  <\/div>\n                  <div class=\"u-container-align-center u-container-style u-layout-cell u-shape-rectangle u-size-30 u-layout-cell-8\">\n                    <div class=\"u-container-layout u-valign-middle u-container-layout-8\">\n                      <img class=\"u-image u-image-contain u-image-default lazyload u-image-8\" alt=\"\" data-image-width=\"800\" data-image-height=\"163\" data-href=\"https:\/\/www.sanda.se\/\" data-target=\"_blank\" data-src=\"https:\/\/byggteknikikolmarden.se\/wp-content\/uploads\/2025\/09\/SANDNORRKPINGAB1.png\">\n                    <\/div>\n                  <\/div>\n                <\/div>\n              <\/div>\n              <div class=\"u-size-15\">\n                <div class=\"u-layout-row\">\n                  <div class=\"u-container-align-center-xs u-container-style u-layout-cell u-size-30 u-layout-cell-9\">\n                    <div class=\"u-container-layout u-valign-middle u-container-layout-9\">\n                      <h3 class=\"u-align-center-xs u-align-right-lg u-align-right-md u-align-right-sm u-align-right-xl u-text u-text-default u-text-1\">\n                        <a class=\"u-active-none u-border-none u-btn u-button-link u-button-style u-hover-none u-none u-text-body-color u-btn-1\" href=\"\" target=\"_blank\"> KOLM\u00c5RDENS<br>BYGGTJ\u00c4NST AB \n                        <\/a>\n                      <\/h3>\n                    <\/div>\n                  <\/div>\n                  <div class=\"u-container-align-center-xs u-container-align-left-lg u-container-align-left-md u-container-align-left-sm u-container-align-left-xl u-container-style u-layout-cell u-size-30 u-layout-cell-10\">\n                    <div class=\"u-container-layout u-valign-middle u-container-layout-10\">\n                      <h1 class=\"u-align-center-xs u-align-left-lg u-align-left-md u-align-left-sm u-align-left-xl u-text u-text-default u-text-2\"> AR GOLV<\/h1>\n                    <\/div>\n                  <\/div>\n                <\/div>\n              <\/div>\n            <\/div>\n          <\/div>\n        <\/div>\n      <\/div>\n    <\/section>\n    \n    \n    \n  \n","protected":false},"excerpt":{"rendered":"<p>Om Oss &nbsp;VARF\u00d6R V\u00c4LJA OSS?&nbsp; Med mer \u00e4n 25 \u00e5rs erfarenhet inom bostadsanpassning har vi den kunskap och det engagemang som kr\u00e4vs f\u00f6r att skapa l\u00f6sningar som verkligen fungerar i vardagen. Vi arbetar i Norrk\u00f6pings, Finsp\u00e5ngs och S\u00f6derk\u00f6pings kommuner \u2013 men kan \u00e4ven hj\u00e4lpa kunder i \u00f6vriga \u00d6sterg\u00f6tland. N\u00e4r du v\u00e4ljer oss f\u00e5r du st\u00f6d &hellip; <a href=\"https:\/\/byggteknikikolmarden.se\/?page_id=115\" class=\"more-link\">Continue reading<span class=\"screen-reader-text\"> &#8221;Ombyggteknik&#8221;<\/span><\/a><\/p>\n","protected":false},"author":1,"featured_media":0,"parent":0,"menu_order":4,"comment_status":"closed","ping_status":"closed","template":"","meta":{"footnotes":""},"class_list":["post-115","page","type-page","status-publish","hentry"],"_links":{"self":[{"href":"https:\/\/byggteknikikolmarden.se\/index.php?rest_route=\/wp\/v2\/pages\/115","targetHints":{"allow":["GET"]}}],"collection":[{"href":"https:\/\/byggteknikikolmarden.se\/index.php?rest_route=\/wp\/v2\/pages"}],"about":[{"href":"https:\/\/byggteknikikolmarden.se\/index.php?rest_route=\/wp\/v2\/types\/page"}],"author":[{"embeddable":true,"href":"https:\/\/byggteknikikolmarden.se\/index.php?rest_route=\/wp\/v2\/users\/1"}],"replies":[{"embeddable":true,"href":"https:\/\/byggteknikikolmarden.se\/index.php?rest_route=%2Fwp%2Fv2%2Fcomments&post=115"}],"version-history":[{"count":2,"href":"https:\/\/byggteknikikolmarden.se\/index.php?rest_route=\/wp\/v2\/pages\/115\/revisions"}],"predecessor-version":[{"id":159,"href":"https:\/\/byggteknikikolmarden.se\/index.php?rest_route=\/wp\/v2\/pages\/115\/revisions\/159"}],"wp:attachment":[{"href":"https:\/\/byggteknikikolmarden.se\/index.php?rest_route=%2Fwp%2Fv2%2Fmedia&parent=115"}],"curies":[{"name":"wp","href":"https:\/\/api.w.org\/{rel}","templated":true}]}}